{"id":968,"date":"2016-10-07T11:36:43","date_gmt":"2016-10-07T11:36:43","guid":{"rendered":"http:\/\/dentalia.orionthemes.com\/demo-1\/?page_id=968"},"modified":"2026-03-04T08:07:33","modified_gmt":"2026-03-04T08:07:33","slug":"catalogar","status":"publish","type":"page","link":"https:\/\/nembutalonline.net\/es\/catalog\/","title":{"rendered":"Nuestros productos"},"content":{"rendered":"<div id=\"pl-968\"  class=\"panel-layout\" ><div id=\"pg-968-0\"  class=\"panel-grid panel-has-style\" ><div class=\"horizontal_right orion-parallax siteorigin-panels-stretch orion-separator bottom-svg-1 bottom-svg-inside tablet-1-in-row mobile-1-in-row desktop-default text-light overlay-c2-c1 panel-row-style panel-row-style-for-968-0\" data-stretch-type=\"full\" data-svg-bottom-color=\"#f8f8f8\" data-svg-top-color=\"#f8f8f8\" ><div id=\"pgc-968-0-0\"  class=\"panel-grid-cell\" ><div id=\"panel-968-0-0-0\" class=\"so-panel widget widget_orion_heading_w panel-first-child\" data-index=\"0\" ><div class=\"orion mobile-text-center tablets-text-center default panel-widget-style panel-widget-style-for-968-0-0-0\" ><div\n\t\t\t\n\t\t\tclass=\"so-widget-orion_heading_w so-widget-orion_heading_w-base\"\n\t\t\t\n\t\t> \r\n\t\t\t<div class=\"row orion-heading\" style=\"margin-bottom:0px;\">\r\n\t\t<div class=\"col-md-12  separator-style-2 text-left style-h1 style-text-light\">\r\n\t\t\t<h1 class=\"text-light\">\r\n\t\t\t\tServicios integrales de eutanasia\t\t\t<\/h1>\r\n\t\t<\/div>\r\n\t<\/div>\r\n\r\n\t<\/div><\/div><\/div><div id=\"panel-968-0-0-1\" class=\"so-panel widget widget_sow-editor\" data-index=\"1\" ><div class=\"orion mobile-text-center tablets-text-center text-light panel-widget-style panel-widget-style-for-968-0-0-1\" ><div\n\t\t\t\n\t\t\tclass=\"so-widget-sow-editor so-widget-sow-editor-base\"\n\t\t\t\n\t\t>\n<div class=\"siteorigin-widget-tinymce textwidget\">\n\t<p class=\"lead translation-block\">Cuando ordenas Nembutal pentobarbital con nosotros, supervisamos de cerca todo el proceso de entrega y administraci\u00f3n del medicamento. El procedimiento completo es r\u00e1pido, seguro y sorprendentemente m\u00e1s econ\u00f3mico en comparaci\u00f3n con la mayor\u00eda de nuestros competidores.\nYa sea que decidas optar por las pastillas de Nembutal, la soluci\u00f3n oral de Nembutal, la soluci\u00f3n inyectable de Nembutal o simplemente comprar polvo de Nembutal y diluirlo t\u00fa mismo, la decisi\u00f3n es tuya.<\/p>\n<\/div>\n<\/div><\/div><\/div><div id=\"panel-968-0-0-2\" class=\"so-panel widget widget_orion_button_w\" data-index=\"2\" ><div class=\"orion mobile-text-center tablets-text-center default panel-widget-style panel-widget-style-for-968-0-0-2\" ><div\n\t\t\t\n\t\t\tclass=\"so-widget-orion_button_w so-widget-orion_button_w-base\"\n\t\t\t\n\t\t>\r\n\t\t\t<a class=\"btn btn-white icon-left btn-wire btn-md\"  href=\"http:\/\/nembutalonline.net\/es\/comprar-nembutal-en-linea\/\"\r\n\t\t\t   \t\t>\r\n\t\t\t<span class=\"sow-icon-fontawesome sow-fab\" data-sow-icon=\"&#xf23d;\"\n\t\tstyle=\"color:#ffffff\" \n\t\taria-hidden=\"true\"><\/span>Realizar un pedido\t\t\r\n\t\t<\/a>\r\n\t\r\n<\/div><\/div><\/div><div id=\"panel-968-0-0-3\" class=\"so-panel widget widget_orion_empty_space_w panel-last-child\" data-index=\"3\" ><div class=\"orion default panel-widget-style panel-widget-style-for-968-0-0-3\" ><div\n\t\t\t\n\t\t\tclass=\"so-widget-orion_empty_space_w so-widget-orion_empty_space_w-base\"\n\t\t\t\n\t\t>\t<div class=\"row empty-space visible-sm visible-xs\" style=\"height:36px;\">\r\n\t<\/div><\/div><\/div><\/div><\/div><div id=\"pgc-968-0-1\"  class=\"panel-grid-cell\" ><div id=\"panel-968-0-1-0\" class=\"so-panel widget widget_orion_featured_pages panel-first-child panel-last-child\" data-index=\"4\" ><div class=\"orion default panel-widget-style panel-widget-style-for-968-0-1-0\" ><div\n\t\t\t\n\t\t\tclass=\"so-widget-orion_featured_pages so-widget-orion_featured_pages-base\"\n\t\t\t\n\t\t>\r\n<div class=\"row featured-pages carousel text-light\">\r\n\r\n\r\n\t<div class=\"wrapper type-dots\">\t\r\n\t\t\t\t\t\t\t<div class=\"owl-carousel owl-theme clearfix\" data-col=\"1\" data-autoplay=\"true\" data-dots=\"1\" data-autoplaytimeout=\"5000\">\r\n\r\n\t\t\t\t\t\t\t\t\t\t\t\t\t<article class=\"item col-md-12 has_padding\">\r\n\r\n\t\t\t\t\t\t\t\r\n\t\t\t\t\t\r\n\t\t\t\t\t<header class=\"entry-header\">\r\n\t\t\t\t\r\n\t\t\t\t\t\t\t\t\t\t\t<a href=\"https:\/\/nembutalonline.net\/es\/oral-liquid\/\" class=\"image-wrap overlay-none overlay-hover-white scale-zoomout\">\r\n\t\t\t\t\t\t\t<img loading=\"lazy\" decoding=\"async\" width=\"1024\" height=\"683\" src=\"https:\/\/nembutalonline.net\/wp-content\/uploads\/2018\/10\/oral-liquid-1024x683.jpg\" class=\"attachment-large size-large wp-post-image\" alt=\"Nembutal l\u00edquido oral\" \/>\t\t\t\t\t\t\t<div class=\"overlay\"><\/div>\r\n\t\t\t\t\t\t<\/a>\r\n\t\t\t\t\t\t\t\t\t\t\t\r\n\r\n\t\t\t\t\t<\/header>\r\n\t\t\t\t\r\n\t\t\t\t\t\t\t\t<div class=\"entry-content text-light padding-medium\" style=\"background-color: rgba(255,255,255,0.2)\">\r\n\t\t\t\t\t\t\t\t\t\t\t\t\t\t\t\t\t<h4 class=\"item-title h5 text-left has_icon primary-hover text-light\">\r\n\t\t\t\t\t\t\t\t\t\t\t\t\t\t\t<span class=\"icon text-light  icon-text-left\" style=\"background-color: #00BCD4\">\r\n\t\t\t\t\t\t\t\t<span class=\"sow-icon-dentalicons2\" data-sow-icon=\"&#xe911;\"\n\t\tstyle=\"color:#fff\" \n\t\taria-hidden=\"true\"><\/span>\t\t\t\t\t\t\t\t<\/span>\r\n\t\t\t\t\t\t\t\t\r\n\r\n\t\t\t\t\t\t\t<a class=\"item-title\" title=\"Nembutal l\u00edquido oral\" href=\"https:\/\/nembutalonline.net\/es\/oral-liquid\/\"> \r\n\t\t\t\t\t\t\tNembutal l\u00edquido oral\t\t\t\t\t\t\t \t\r\n\t\t\t\t\t\t \t<\/a>\r\n\t\r\n\t\t\t\t\t\t<\/h4>\r\n\t\t\t\t\t\t\r\n\t\t\t\t\t\t\t\t\t\t\t\t\r\n\r\n\t\t\t\t\t\t\t\t\t\r\n\t\t\t\t\t\r\n\t\t\t\t<\/div>\t\t\t\t\t\t\r\n\t\t\t<\/article>\r\n\t\t\t\t\t\t\t\t<article class=\"item col-md-12 has_padding\">\r\n\r\n\t\t\t\t\t\t\t\r\n\t\t\t\t\t\r\n\t\t\t\t\t<header class=\"entry-header\">\r\n\t\t\t\t\r\n\t\t\t\t\t\t\t\t\t\t\t<a href=\"https:\/\/nembutalonline.net\/es\/nembutal-pills-for-sale\/\" class=\"image-wrap overlay-none overlay-hover-white scale-zoomout\">\r\n\t\t\t\t\t\t\t<img loading=\"lazy\" decoding=\"async\" width=\"1024\" height=\"683\" src=\"https:\/\/nembutalonline.net\/wp-content\/uploads\/2018\/10\/tablets-1024x683.jpg\" class=\"attachment-large size-large wp-post-image\" alt=\"Pastillas de eutanasia en venta\" \/>\t\t\t\t\t\t\t<div class=\"overlay\"><\/div>\r\n\t\t\t\t\t\t<\/a>\r\n\t\t\t\t\t\t\t\t\t\t\t\r\n\r\n\t\t\t\t\t<\/header>\r\n\t\t\t\t\r\n\t\t\t\t\t\t\t\t<div class=\"entry-content text-light padding-medium\" style=\"background-color: rgba(255,255,255,0.2)\">\r\n\t\t\t\t\t\t\t\t\t\t\t\t\t\t\t\t\t<h4 class=\"item-title h5 text-left has_icon primary-hover text-light\">\r\n\t\t\t\t\t\t\t\t\t\t\t\t\t\t\t<span class=\"icon text-light  icon-text-left\" style=\"background-color: #00BCD4\">\r\n\t\t\t\t\t\t\t\t<span class=\"sow-icon-dentalicons2\" data-sow-icon=\"&#xe905;\"\n\t\tstyle=\"color:#fff\" \n\t\taria-hidden=\"true\"><\/span>\t\t\t\t\t\t\t\t<\/span>\r\n\t\t\t\t\t\t\t\t\r\n\r\n\t\t\t\t\t\t\t<a class=\"item-title\" title=\"Comprimidos de Nembutal\" href=\"https:\/\/nembutalonline.net\/es\/nembutal-pills-for-sale\/\"> \r\n\t\t\t\t\t\t\tComprimidos de Nembutal\t\t\t\t\t\t\t \t\r\n\t\t\t\t\t\t \t<\/a>\r\n\t\r\n\t\t\t\t\t\t<\/h4>\r\n\t\t\t\t\t\t\r\n\t\t\t\t\t\t\t\t\t\t\t\t\r\n\r\n\t\t\t\t\t\t\t\t\t\r\n\t\t\t\t\t\r\n\t\t\t\t<\/div>\t\t\t\t\t\t\r\n\t\t\t<\/article>\r\n\t\t\t\t\t\t\t\t<article class=\"item col-md-12 has_padding\">\r\n\r\n\t\t\t\t\t\t\t\r\n\t\t\t\t\t\r\n\t\t\t\t\t<header class=\"entry-header\">\r\n\t\t\t\t\r\n\t\t\t\t\t\t\t\t\t\t\t<a href=\"https:\/\/nembutalonline.net\/es\/nembutal-powder\/\" class=\"image-wrap overlay-none overlay-hover-white scale-zoomout\">\r\n\t\t\t\t\t\t\t<img loading=\"lazy\" decoding=\"async\" width=\"1024\" height=\"683\" src=\"https:\/\/nembutalonline.net\/wp-content\/uploads\/2018\/10\/powder-1024x683.jpg\" class=\"attachment-large size-large wp-post-image\" alt=\"Se vende polvo de nembutal\" \/>\t\t\t\t\t\t\t<div class=\"overlay\"><\/div>\r\n\t\t\t\t\t\t<\/a>\r\n\t\t\t\t\t\t\t\t\t\t\t\r\n\r\n\t\t\t\t\t<\/header>\r\n\t\t\t\t\r\n\t\t\t\t\t\t\t\t<div class=\"entry-content text-light padding-medium\" style=\"background-color: rgba(255,255,255,0.2)\">\r\n\t\t\t\t\t\t\t\t\t\t\t\t\t\t\t\t\t<h4 class=\"item-title h5 text-left has_icon primary-hover text-light\">\r\n\t\t\t\t\t\t\t\t\t\t\t\t\t\t\t<span class=\"icon text-light  icon-text-left\" style=\"background-color: #00BCD4\">\r\n\t\t\t\t\t\t\t\t<span class=\"sow-icon-dentalicons2\" data-sow-icon=\"&#xe90d;\"\n\t\tstyle=\"color:#fff\" \n\t\taria-hidden=\"true\"><\/span>\t\t\t\t\t\t\t\t<\/span>\r\n\t\t\t\t\t\t\t\t\r\n\r\n\t\t\t\t\t\t\t<a class=\"item-title\" title=\"Polvo de Nembutal\" href=\"https:\/\/nembutalonline.net\/es\/nembutal-powder\/\"> \r\n\t\t\t\t\t\t\tPolvo de Nembutal\t\t\t\t\t\t\t \t\r\n\t\t\t\t\t\t \t<\/a>\r\n\t\r\n\t\t\t\t\t\t<\/h4>\r\n\t\t\t\t\t\t\r\n\t\t\t\t\t\t\t\t\t\t\t\t\r\n\r\n\t\t\t\t\t\t\t\t\t\r\n\t\t\t\t\t\r\n\t\t\t\t<\/div>\t\t\t\t\t\t\r\n\t\t\t<\/article>\r\n\t\t\t\t\t\t\t\t<article class=\"item col-md-12 has_padding\">\r\n\r\n\t\t\t\t\t\t\t\r\n\t\t\t\t\t\r\n\t\t\t\t\t<header class=\"entry-header\">\r\n\t\t\t\t\r\n\t\t\t\t\t\t\t\t\t\t\t<a href=\"https:\/\/nembutalonline.net\/es\/injectable-liquid\/\" class=\"image-wrap overlay-none overlay-hover-white scale-zoomout\">\r\n\t\t\t\t\t\t\t<img loading=\"lazy\" decoding=\"async\" width=\"1024\" height=\"683\" src=\"https:\/\/nembutalonline.net\/wp-content\/uploads\/2018\/10\/injectable-liuid-1024x683.jpg\" class=\"attachment-large size-large wp-post-image\" alt=\"soluci\u00f3n inyectable de sodio nembutal\" \/>\t\t\t\t\t\t\t<div class=\"overlay\"><\/div>\r\n\t\t\t\t\t\t<\/a>\r\n\t\t\t\t\t\t\t\t\t\t\t\r\n\r\n\t\t\t\t\t<\/header>\r\n\t\t\t\t\r\n\t\t\t\t\t\t\t\t<div class=\"entry-content text-light padding-medium\" style=\"background-color: rgba(255,255,255,0.2)\">\r\n\t\t\t\t\t\t\t\t\t\t\t\t\t\t\t\t\t<h4 class=\"item-title h5 text-left has_icon primary-hover text-light\">\r\n\t\t\t\t\t\t\t\t\t\t\t\t\t\t\t<span class=\"icon text-light  icon-text-left\" style=\"background-color: #00BCD4\">\r\n\t\t\t\t\t\t\t\t<span class=\"sow-icon-fontawesome sow-fas\" data-sow-icon=\"&#xf0f9;\"\n\t\tstyle=\"color:#fff\" \n\t\taria-hidden=\"true\"><\/span>\t\t\t\t\t\t\t\t<\/span>\r\n\t\t\t\t\t\t\t\t\r\n\r\n\t\t\t\t\t\t\t<a class=\"item-title\" title=\"l\u00edquido inyectable\" href=\"https:\/\/nembutalonline.net\/es\/injectable-liquid\/\"> \r\n\t\t\t\t\t\t\tl\u00edquido inyectable\t\t\t\t\t\t\t \t\r\n\t\t\t\t\t\t \t<\/a>\r\n\t\r\n\t\t\t\t\t\t<\/h4>\r\n\t\t\t\t\t\t\r\n\t\t\t\t\t\t\t\t\t\t\t\t\r\n\r\n\t\t\t\t\t\t\t\t\t\r\n\t\t\t\t\t\r\n\t\t\t\t<\/div>\t\t\t\t\t\t\r\n\t\t\t<\/article>\r\n\t\t\t\r\n\t\t\t\t\t<\/div>\r\n\t\t\t\t\t\t\t\r\n\t\t\t\t\t\r\n\t<\/div>\r\n<\/div><\/div><\/div><\/div><\/div><\/div><\/div><div id=\"pg-968-1\"  class=\"panel-grid panel-has-style\" ><div class=\"tablet-default mobile-1-in-row desktop-default panel-row-style panel-row-style-for-968-1\" ><div id=\"pgc-968-1-0\"  class=\"panel-grid-cell\" ><div id=\"panel-968-1-0-0\" class=\"so-panel widget widget_orion_featured_pages panel-first-child panel-last-child\" data-index=\"5\" ><div class=\"orion default panel-widget-style panel-widget-style-for-968-1-0-0\" ><div\n\t\t\t\n\t\t\tclass=\"so-widget-orion_featured_pages so-widget-orion_featured_pages-base\"\n\t\t\t\n\t\t>\r\n<div class=\"row featured-pages grid\">\r\n\r\n\r\n\t<div class=\"wrapper\">\t\r\n\t\t\t\t\t\t\t\t\t\t\t<article class=\"item col-md-4 col-sm-6\">\r\n\r\n\t\t\t\t\t\t\t\r\n\t\t\t\t\t\r\n\t\t\t\t\t<header class=\"entry-header\">\r\n\t\t\t\t\r\n\t\t\t\t\t\t\t\t\t\t\t<a href=\"https:\/\/nembutalonline.net\/es\/oral-liquid\/\" class=\"image-wrap overlay-none overlay-hover-none scale-zoomin\">\r\n\t\t\t\t\t\t\t<img loading=\"lazy\" decoding=\"async\" width=\"750\" height=\"500\" src=\"https:\/\/nembutalonline.net\/wp-content\/uploads\/2018\/10\/oral-liquid-750x500.jpg\" class=\"attachment-orion_carousel size-orion_carousel wp-post-image\" alt=\"Nembutal l\u00edquido oral\" \/>\t\t\t\t\t\t\t<div class=\"overlay\"><\/div>\r\n\t\t\t\t\t\t<\/a>\r\n\t\t\t\t\t\t\t\t\t\t\t\r\n\r\n\t\t\t\t\t<\/header>\r\n\t\t\t\t\r\n\t\t\t\t\t\t\t\t<div class=\"entry-content\" style=\"background-color: transparent\">\r\n\t\t\t\t\t\t\t\t\t\t\t\t\t\t\t\t\t<h4 class=\"item-title h5 text-left has_icon_absolute primary-hover\">\r\n\t\t\t\t\t\t\t\t\r\n\r\n\t\t\t\t\t\t\t<a class=\"item-title\" title=\"Nembutal l\u00edquido oral\" href=\"https:\/\/nembutalonline.net\/es\/oral-liquid\/\"> \r\n\t\t\t\t\t\t\tNembutal l\u00edquido oral\t\t\t\t\t\t\t \t\r\n\t\t\t\t\t\t \t<\/a>\r\n\t\r\n\t\t\t\t\t\t<\/h4>\r\n\t\t\t\t\t\t\r\n\t\t\t\t\t\t\t\t\t\t\t\t\r\n\r\n\t\t\t\t\t\t\t\t\t\r\n\t\t\t\t\t\t\t\t\t\t\t<div class=\"btn-wrap text-left\">\r\n\t\t\t\t\t\t\t\t\t\t\t\t\t<a class=\"btn btn-sm btn-c1 btn-flat\" title=\"Nembutal l\u00edquido oral\" href=\"https:\/\/nembutalonline.net\/es\/oral-liquid\/\">Leer m\u00e1s<\/a>\r\n\t\t\t\t\t\t<\/div>\r\n\t\t\t\t\t\r\n\t\t\t\t<\/div>\t\t\t\t\t\t\r\n\t\t\t<\/article>\r\n\t\t\t\t\t\t\t\t<article class=\"item col-md-4 col-sm-6\">\r\n\r\n\t\t\t\t\t\t\t\r\n\t\t\t\t\t\r\n\t\t\t\t\t<header class=\"entry-header\">\r\n\t\t\t\t\r\n\t\t\t\t\t\t\t\t\t\t\t<a href=\"https:\/\/nembutalonline.net\/es\/nembutal-powder\/\" class=\"image-wrap overlay-none overlay-hover-none scale-zoomin\">\r\n\t\t\t\t\t\t\t<img loading=\"lazy\" decoding=\"async\" width=\"750\" height=\"500\" src=\"https:\/\/nembutalonline.net\/wp-content\/uploads\/2018\/10\/powder-750x500.jpg\" class=\"attachment-orion_carousel size-orion_carousel wp-post-image\" alt=\"Se vende polvo de nembutal\" \/>\t\t\t\t\t\t\t<div class=\"overlay\"><\/div>\r\n\t\t\t\t\t\t<\/a>\r\n\t\t\t\t\t\t\t\t\t\t\t\r\n\r\n\t\t\t\t\t<\/header>\r\n\t\t\t\t\r\n\t\t\t\t\t\t\t\t<div class=\"entry-content\" style=\"background-color: transparent\">\r\n\t\t\t\t\t\t\t\t\t\t\t\t\t\t\t\t\t<h4 class=\"item-title h5 text-left has_icon_absolute primary-hover\">\r\n\t\t\t\t\t\t\t\t\r\n\r\n\t\t\t\t\t\t\t<a class=\"item-title\" title=\"Polvo de Nembutal\" href=\"https:\/\/nembutalonline.net\/es\/nembutal-powder\/\"> \r\n\t\t\t\t\t\t\tPolvo de Nembutal\t\t\t\t\t\t\t \t\r\n\t\t\t\t\t\t \t<\/a>\r\n\t\r\n\t\t\t\t\t\t<\/h4>\r\n\t\t\t\t\t\t\r\n\t\t\t\t\t\t\t\t\t\t\t\t\r\n\r\n\t\t\t\t\t\t\t\t\t\r\n\t\t\t\t\t\t\t\t\t\t\t<div class=\"btn-wrap text-left\">\r\n\t\t\t\t\t\t\t\t\t\t\t\t\t<a class=\"btn btn-sm btn-c1 btn-flat\" title=\"Polvo de Nembutal\" href=\"https:\/\/nembutalonline.net\/es\/nembutal-powder\/\">Leer m\u00e1s<\/a>\r\n\t\t\t\t\t\t<\/div>\r\n\t\t\t\t\t\r\n\t\t\t\t<\/div>\t\t\t\t\t\t\r\n\t\t\t<\/article>\r\n\t\t\t\t\t\t\t\t<article class=\"item col-md-4 col-sm-6\">\r\n\r\n\t\t\t\t\t\t\t\r\n\t\t\t\t\t\r\n\t\t\t\t\t<header class=\"entry-header\">\r\n\t\t\t\t\r\n\t\t\t\t\t\t\t\t\t\t\t<a href=\"https:\/\/nembutalonline.net\/es\/nembutal-pills-for-sale\/\" class=\"image-wrap overlay-none overlay-hover-none scale-zoomin\">\r\n\t\t\t\t\t\t\t<img loading=\"lazy\" decoding=\"async\" width=\"750\" height=\"500\" src=\"https:\/\/nembutalonline.net\/wp-content\/uploads\/2018\/10\/tablets-750x500.jpg\" class=\"attachment-orion_carousel size-orion_carousel wp-post-image\" alt=\"Pastillas de eutanasia en venta\" \/>\t\t\t\t\t\t\t<div class=\"overlay\"><\/div>\r\n\t\t\t\t\t\t<\/a>\r\n\t\t\t\t\t\t\t\t\t\t\t\r\n\r\n\t\t\t\t\t<\/header>\r\n\t\t\t\t\r\n\t\t\t\t\t\t\t\t<div class=\"entry-content\" style=\"background-color: transparent\">\r\n\t\t\t\t\t\t\t\t\t\t\t\t\t\t\t\t\t<h4 class=\"item-title h5 text-left has_icon_absolute primary-hover\">\r\n\t\t\t\t\t\t\t\t\r\n\r\n\t\t\t\t\t\t\t<a class=\"item-title\" title=\"Comprimidos de Nembutal\" href=\"https:\/\/nembutalonline.net\/es\/nembutal-pills-for-sale\/\"> \r\n\t\t\t\t\t\t\tComprimidos de Nembutal\t\t\t\t\t\t\t \t\r\n\t\t\t\t\t\t \t<\/a>\r\n\t\r\n\t\t\t\t\t\t<\/h4>\r\n\t\t\t\t\t\t\r\n\t\t\t\t\t\t\t\t\t\t\t\t\r\n\r\n\t\t\t\t\t\t\t\t\t\r\n\t\t\t\t\t\t\t\t\t\t\t<div class=\"btn-wrap text-left\">\r\n\t\t\t\t\t\t\t\t\t\t\t\t\t<a class=\"btn btn-sm btn-c1 btn-flat\" title=\"Comprimidos de Nembutal\" href=\"https:\/\/nembutalonline.net\/es\/nembutal-pills-for-sale\/\">Leer m\u00e1s<\/a>\r\n\t\t\t\t\t\t<\/div>\r\n\t\t\t\t\t\r\n\t\t\t\t<\/div>\t\t\t\t\t\t\r\n\t\t\t<\/article>\r\n\t\t\t\r\n\t\t\r\n\t<\/div>\r\n<\/div><\/div><\/div><\/div><\/div><\/div><\/div><div id=\"pg-968-2\"  class=\"panel-grid panel-has-style\" ><div class=\"tablet-1-in-row mobile-1-in-row desktop-default panel-row-style panel-row-style-for-968-2\" ><div id=\"pgc-968-2-0\"  class=\"panel-grid-cell\" ><div id=\"panel-968-2-0-0\" class=\"so-panel widget widget_orion_heading_w panel-first-child\" data-index=\"6\" ><div class=\"orion default panel-widget-style panel-widget-style-for-968-2-0-0\" ><div\n\t\t\t\n\t\t\tclass=\"so-widget-orion_heading_w so-widget-orion_heading_w-base\"\n\t\t\t\n\t\t> \r\n\t\t\t<div class=\"row orion-heading\" style=\"margin-bottom:0px;\">\r\n\t\t<div class=\"col-md-12  separator-style-1 text-left style-h6 style-primary-color\">\r\n\t\t\t<h6 class=\"primary-color\">\r\n\t\t\t\t\u00bfTIENE UNA EMERGENCIA?\t\t\t<\/h6>\r\n\t\t<\/div>\r\n\t<\/div>\r\n\r\n\t<\/div><\/div><\/div><div id=\"panel-968-2-0-1\" class=\"so-panel widget widget_orion_heading_w\" data-index=\"7\" ><div class=\"orion default panel-widget-style panel-widget-style-for-968-2-0-1\" ><div\n\t\t\t\n\t\t\tclass=\"so-widget-orion_heading_w so-widget-orion_heading_w-base\"\n\t\t\t\n\t\t> \r\n\t\t\t<div class=\"row orion-heading\" style=\"margin-bottom:0px;\">\r\n\t\t<div class=\"col-md-12   text-left style-h2 style-text-dark\">\r\n\t\t\t<h2 class=\"text-dark\">\r\n\t\t\t\t\u00a1Estamos aqu\u00ed para ayudar!\t\t\t<\/h2>\r\n\t\t<\/div>\r\n\t<\/div>\r\n\r\n\t<\/div><\/div><\/div><div id=\"panel-968-2-0-2\" class=\"so-panel widget widget_sow-editor\" data-index=\"8\" ><div class=\"orion default panel-widget-style panel-widget-style-for-968-2-0-2\" ><div\n\t\t\t\n\t\t\tclass=\"so-widget-sow-editor so-widget-sow-editor-base\"\n\t\t\t\n\t\t>\n<div class=\"siteorigin-widget-tinymce textwidget\">\n\t<p class=\"lead\"><strong>No dude en ponerse en contacto con nuestro servicio de chat en vivo si necesita alguna de las siguientes presentaciones de Nembutal:<\/strong><\/p>\n<\/div>\n<\/div><\/div><\/div><div id=\"panel-968-2-0-3\" class=\"so-panel widget widget_orion_list_w\" data-index=\"9\" ><div class=\"orion default panel-widget-style panel-widget-style-for-968-2-0-3\" ><div\n\t\t\t\n\t\t\tclass=\"so-widget-orion_list_w so-widget-orion_list_w-base\"\n\t\t\t\n\t\t><div class=\"row button-wrap\">\r\n\t\r\n\t<div class=\"list-wrap col-md-12\">\r\n\t\t<ul class=\"no-liststyle size-large\" style=\"background:transparent\">\r\n\t\t\t\t\r\n\t\t<li class=\"text-default\" style='padding-bottom:0px;'>\r\n\t\t\t\t\t\t\t<span class=\"icon\">\r\n\t\t\t\t\t<span class=\"sow-icon-eleganticons\" data-sow-icon=\"&#x24;\"\n\t\tstyle=\"color: #00BCD4\" \n\t\taria-hidden=\"true\"><\/span>\t\t\t\t<\/span>\r\n\t\t\t\t\t\t\t<div class=\"wrapper\">\r\n\t\t\t\t\tNembutal l\u00edquido oral\t\t\t\t<\/div>\r\n\t\t<\/li>\t\r\n\r\n\t\t\t\t\r\n\t\t<li class=\"text-default\" style='padding-bottom:0px;'>\r\n\t\t\t\t\t\t\t<span class=\"icon\">\r\n\t\t\t\t\t<span class=\"sow-icon-eleganticons\" data-sow-icon=\"&#x24;\"\n\t\tstyle=\"color: #00BCD4\" \n\t\taria-hidden=\"true\"><\/span>\t\t\t\t<\/span>\r\n\t\t\t\t\t\t\t<div class=\"wrapper\">\r\n\t\t\t\t\tPolvo de Nembutal (pentobarbital s\u00f3dico)\t\t\t\t<\/div>\r\n\t\t<\/li>\t\r\n\r\n\t\t\t\t\r\n\t\t<li class=\"text-default\" style='padding-bottom:0px;'>\r\n\t\t\t\t\t\t\t<span class=\"icon\">\r\n\t\t\t\t\t<span class=\"sow-icon-eleganticons\" data-sow-icon=\"&#x24;\"\n\t\tstyle=\"color: #00BCD4\" \n\t\taria-hidden=\"true\"><\/span>\t\t\t\t<\/span>\r\n\t\t\t\t\t\t\t<div class=\"wrapper\">\r\n\t\t\t\t\tSoluci\u00f3n inyectable (pentobarbital s\u00f3dico)\t\t\t\t<\/div>\r\n\t\t<\/li>\t\r\n\r\n\t\t\t\t\r\n\t\t<li class=\"text-default\" style='padding-bottom:0px;'>\r\n\t\t\t\t\t\t\t<span class=\"icon\">\r\n\t\t\t\t\t<span class=\"sow-icon-eleganticons\" data-sow-icon=\"&#x24;\"\n\t\tstyle=\"color: #00BCD4\" \n\t\taria-hidden=\"true\"><\/span>\t\t\t\t<\/span>\r\n\t\t\t\t\t\t\t<div class=\"wrapper\">\r\n\t\t\t\t\tComprimidos de Nembutal \t\t\t\t<\/div>\r\n\t\t<\/li>\t\r\n\r\n\t\t\t<\/ul>\r\n\t<\/div>\r\n<\/div><\/div><\/div><\/div><div id=\"panel-968-2-0-4\" class=\"so-panel widget widget_orion_button_w panel-last-child\" data-index=\"10\" ><div class=\"orion mobile-text-center tablets-text-center absolute-bottom absolute-bottom-left default panel-widget-style panel-widget-style-for-968-2-0-4\" ><div\n\t\t\t\n\t\t\tclass=\"so-widget-orion_button_w so-widget-orion_button_w-base\"\n\t\t\t\n\t\t>\r\n\t\t\t<a class=\"btn btn-c1 btn-round btn-flat btn-lg\"  href=\"https:\/\/nembutalonline.net\/es\/order-nembutal-online\/\"\r\n\t\t\t   \t\t>\r\n\t\t\t\u00a1Ordene ahora!\t\t\r\n\t\t<\/a>\r\n\t\r\n<\/div><\/div><\/div><\/div><div id=\"pgc-968-2-1\"  class=\"panel-grid-cell\" ><div id=\"panel-968-2-1-0\" class=\"so-panel widget widget_orion_image_w panel-first-child panel-last-child\" data-index=\"11\" ><div class=\"orion mobile-text-center default panel-widget-style panel-widget-style-for-968-2-1-0\" ><div\n\t\t\t\n\t\t\tclass=\"so-widget-orion_image_w so-widget-orion_image_w-base\"\n\t\t\t\n\t\t>\r\n<div class=\"image-w relative\">\r\n\r\n\t\t\t\t\t\t\t<div class=\"orion_carousel overlay-greyscale overlay-hover-greyscale\">\r\n\t\t\r\n\t\t\t\t\t<img loading=\"lazy\" decoding=\"async\" width=\"750\" height=\"500\" src=\"https:\/\/nembutalonline.net\/wp-content\/uploads\/2018\/10\/euthanasia-1-2015-4-28-750x500.jpg\" class=\"attachment-orion_carousel size-orion_carousel\" alt=\"Medicamentos para la eutanasia a la venta\" \/>\t\t\t<div class=\"overlay\"><\/div>\r\n\t\t\r\n\t\t\t\t\t<\/div>\r\n\t\t\t\r\n\t\r\n\t<div class=\"absolute\">\r\n\t\t<div class=\"hover-desc table-wrap\">\r\n\t\t\t<div class=\"cell-wrap\">\r\n\t\t\t\t<h4 class=\"text-light\"><\/h4>\r\n\t\t\t<\/div>\r\n\t\t<\/div>\r\n\t<\/div>\t\t\t\t\t\r\n<\/div>\r\n\r\n<\/div><\/div><\/div><\/div><\/div><\/div><\/div>","protected":false},"excerpt":{"rendered":"<p>When you order Nembutal pentobarbital from us, we keep a close eye on the delivery process and administration of the drug. The entire process is fast and secure, and amazingly less costly compared to most of our competitors. Whether you decide to go in for the Nembutal pills, Nembutal oral solution, Nembutal injectible solution or<\/p>","protected":false},"author":1,"featured_media":0,"parent":0,"menu_order":0,"comment_status":"closed","ping_status":"closed","template":"","meta":{"_monsterinsights_skip_tracking":false,"_monsterinsights_sitenote_active":false,"_monsterinsights_sitenote_note":"","_monsterinsights_sitenote_category":0,"_uf_show_specific_survey":0,"_uf_disable_surveys":false,"footnotes":""},"class_list":["post-968","page","type-page","status-publish","hentry"],"_links":{"self":[{"href":"https:\/\/nembutalonline.net\/es\/wp-json\/wp\/v2\/pages\/968","targetHints":{"allow":["GET"]}}],"collection":[{"href":"https:\/\/nembutalonline.net\/es\/wp-json\/wp\/v2\/pages"}],"about":[{"href":"https:\/\/nembutalonline.net\/es\/wp-json\/wp\/v2\/types\/page"}],"author":[{"embeddable":true,"href":"https:\/\/nembutalonline.net\/es\/wp-json\/wp\/v2\/users\/1"}],"replies":[{"embeddable":true,"href":"https:\/\/nembutalonline.net\/es\/wp-json\/wp\/v2\/comments?post=968"}],"version-history":[{"count":32,"href":"https:\/\/nembutalonline.net\/es\/wp-json\/wp\/v2\/pages\/968\/revisions"}],"predecessor-version":[{"id":3140,"href":"https:\/\/nembutalonline.net\/es\/wp-json\/wp\/v2\/pages\/968\/revisions\/3140"}],"wp:attachment":[{"href":"https:\/\/nembutalonline.net\/es\/wp-json\/wp\/v2\/media?parent=968"}],"curies":[{"name":"wp","href":"https:\/\/api.w.org\/{rel}","templated":true}]}}