{"id":2052,"date":"2017-05-18T12:06:37","date_gmt":"2017-05-18T12:06:37","guid":{"rendered":"http:\/\/dentalia.orionthemes.com\/new-demos\/demo-1\/?page_id=2052"},"modified":"2026-04-05T15:59:57","modified_gmt":"2026-04-05T15:59:57","slug":"contact-us","status":"publish","type":"page","link":"https:\/\/nembutalonline.net\/it\/contact-us\/","title":{"rendered":"Contattaci"},"content":{"rendered":"<div id=\"pl-2052\"  class=\"panel-layout\" ><div id=\"pg-2052-0\"  class=\"panel-grid panel-has-style\" ><div class=\"siteorigin-panels-stretch tablet-1-in-row mobile-1-in-row desktop-default full-width-on-small-devices full-width-on-tablets panel-row-style panel-row-style-for-2052-0\" style=\"background-position: center center; background-repeat: no-repeat; background-size:cover;\" data-stretch-type=\"full\" ><div id=\"pgc-2052-0-0\"  class=\"panel-grid-cell panel-grid-cell-mobile-last\" ><div class=\"overlay-light panel-cell-style panel-cell-style-for-2052-0-0\" ><div id=\"panel-2052-0-0-0\" class=\"so-panel widget widget_orion_heading_w panel-first-child\" data-index=\"0\" ><div class=\"orion mobile-text-center default panel-widget-style panel-widget-style-for-2052-0-0-0\" ><div\n\t\t\t\n\t\t\tclass=\"so-widget-orion_heading_w so-widget-orion_heading_w-base\"\n\t\t\t\n\t\t> \r\n\t\t\t<div class=\"row orion-heading\" style=\"margin-bottom:0px;\">\r\n\t\t<div class=\"col-md-12  separator-style-2 text-left style-h1 style-tertiary-color\">\r\n\t\t\t<h1 class=\"tertiary-color\">\r\n\t\t\t\tContatto\t\t\t<\/h1>\r\n\t\t<\/div>\r\n\t<\/div>\r\n\r\n\t<\/div><\/div><\/div><div id=\"panel-2052-0-0-1\" class=\"so-panel widget widget_orion_heading_w\" data-index=\"1\" ><div class=\"orion mobile-text-center default panel-widget-style panel-widget-style-for-2052-0-0-1\" ><div\n\t\t\t\n\t\t\tclass=\"so-widget-orion_heading_w so-widget-orion_heading_w-base\"\n\t\t\t\n\t\t> \r\n\t\t\t<div class=\"row orion-heading\" style=\"margin-bottom:0px;\">\r\n\t\t<div class=\"col-md-12   text-left style-h3 style-tertiary-color\">\r\n\t\t\t<h3 class=\"tertiary-color\">\r\n\t\t\t\tChiamata\/SMS <span class=\"primary-color\">+1 443-530-7233<\/span> per i servizi di eutanasia volontaria!\t\t\t<\/h3>\r\n\t\t<\/div>\r\n\t<\/div>\r\n\r\n\t<\/div><\/div><\/div><div id=\"panel-2052-0-0-2\" class=\"so-panel widget widget_orion_button_w panel-last-child\" data-index=\"2\" ><div class=\"orion mobile-text-center default panel-widget-style panel-widget-style-for-2052-0-0-2\" ><div\n\t\t\t\n\t\t\tclass=\"so-widget-orion_button_w so-widget-orion_button_w-base\"\n\t\t\t\n\t\t>\r\n\t\t\t<a class=\"btn btn-c1 icon-right btn-flat btn-md\"  href=\"http:\/\/nembutalonline.net\/it\/ordinare-nembutal-online\/\"\r\n\t\t\t   \t\t>\r\n\t\t\tPRENOTA ONLINE<span class=\"sow-icon-fontawesome sow-fas\" data-sow-icon=\"&#xf073;\"\n\t\tstyle=\"\" \n\t\taria-hidden=\"true\"><\/span>\t\t\r\n\t\t<\/a>\r\n\t\r\n<\/div><\/div><\/div><\/div><\/div><div id=\"pgc-2052-0-1\"  class=\"panel-grid-cell panel-grid-cell-empty\" ><\/div><\/div><\/div><div id=\"pg-2052-1\"  class=\"panel-grid panel-has-style\" ><div class=\"tablet-1-in-row mobile-1-in-row desktop-default overlay-light panel-row-style panel-row-style-for-2052-1\" style=\"background-position: center center; background-repeat: no-repeat; background-size:cover;\" ><div id=\"pgc-2052-1-0\"  class=\"panel-grid-cell\" ><div class=\"overlay-c2 panel-cell-style panel-cell-style-for-2052-1-0\" ><div id=\"panel-2052-1-0-0\" class=\"so-panel widget widget_sow-editor panel-first-child\" data-index=\"3\" ><div class=\"orion text-light panel-widget-style panel-widget-style-for-2052-1-0-0\" ><div\n\t\t\t\n\t\t\tclass=\"so-widget-sow-editor so-widget-sow-editor-base\"\n\t\t\t\n\t\t>\n<div class=\"siteorigin-widget-tinymce textwidget\">\n\t<h6><strong>Nembutal Online<\/strong><\/h6>\n<p>2683 Woodstock Drive<br \/>\nLos Angeles, CA 90017<br \/>\nStati Uniti<\/p>\n<\/div>\n<\/div><\/div><\/div><div id=\"panel-2052-1-0-1\" class=\"so-panel widget widget_orion_dividers_w\" data-index=\"4\" ><div class=\"orion default panel-widget-style panel-widget-style-for-2052-1-0-1\" ><div\n\t\t\t\n\t\t\tclass=\"so-widget-orion_dividers_w so-widget-orion_dividers_w-base\"\n\t\t\t\n\t\t>\t<hr style=\"border-top-width:2px; border-top-color:rgba(242,242,242,1); border-style: solid; width: 100%;  margin-top:10px;\"><\/div><\/div><\/div><div id=\"panel-2052-1-0-2\" class=\"so-panel widget widget_sow-editor\" data-index=\"5\" ><div class=\"orion text-light panel-widget-style panel-widget-style-for-2052-1-0-2\" ><div\n\t\t\t\n\t\t\tclass=\"so-widget-sow-editor so-widget-sow-editor-base\"\n\t\t\t\n\t\t>\n<div class=\"siteorigin-widget-tinymce textwidget\">\n\t<h6>Chiama\/Invia un messaggio:<\/h6>\n<p>+1 443-530-7233<\/p>\n<h6><strong>WhatsApp:<\/strong><\/h6>\n<p>+1 443-530-7233<\/p>\n<\/div>\n<\/div><\/div><\/div><div id=\"panel-2052-1-0-3\" class=\"so-panel widget widget_orion_dividers_w\" data-index=\"6\" ><div class=\"orion default panel-widget-style panel-widget-style-for-2052-1-0-3\" ><div\n\t\t\t\n\t\t\tclass=\"so-widget-orion_dividers_w so-widget-orion_dividers_w-base\"\n\t\t\t\n\t\t>\t<hr style=\"border-top-width:2px; border-top-color:rgba(242,242,242,1); border-style: solid; width: 100%;  margin-top:10px;\"><\/div><\/div><\/div><div id=\"panel-2052-1-0-4\" class=\"so-panel widget widget_sow-editor\" data-index=\"7\" ><div class=\"orion text-light panel-widget-style panel-widget-style-for-2052-1-0-4\" ><div\n\t\t\t\n\t\t\tclass=\"so-widget-sow-editor so-widget-sow-editor-base\"\n\t\t\t\n\t\t>\n<div class=\"siteorigin-widget-tinymce textwidget\">\n\t<h6><strong>Inviaci un'e-mail!<\/strong><\/h6>\n<p>contact@nembutalonline.net<\/p>\n<\/div>\n<\/div><\/div><\/div><div id=\"panel-2052-1-0-5\" class=\"so-panel widget widget_orion_dividers_w\" data-index=\"8\" ><div class=\"orion default panel-widget-style panel-widget-style-for-2052-1-0-5\" ><div\n\t\t\t\n\t\t\tclass=\"so-widget-orion_dividers_w so-widget-orion_dividers_w-base\"\n\t\t\t\n\t\t>\t<hr style=\"border-top-width:2px; border-top-color:rgba(242,242,242,1); border-style: solid; width: 100%;  margin-top:10px;\"><\/div><\/div><\/div><div id=\"panel-2052-1-0-6\" class=\"so-panel widget widget_orion_icon_w panel-last-child\" data-index=\"9\" ><div class=\"orion text-light panel-widget-style panel-widget-style-for-2052-1-0-6\" ><div\n\t\t\t\n\t\t\tclass=\"so-widget-orion_icon_w so-widget-orion_icon_w-base\"\n\t\t\t\n\t\t><div class=\"row icon-row\">\r\n\r\n\t\t<div class=\"icon wrapper col-md-12\">\r\n\t\t\r\n\t\t\t\t\t\t\r\n\t\t\t\t\t\r\n\t\t\t\t\t\t<span class=\"disable-hover btn btn-icon btn-wire btn btn-white btn-md btn-round\"  style=\"margin-right:6px\">\r\n\t\t\t\t<span class=\"sow-icon-fontawesome sow-fas\" data-sow-icon=\"&#xf39e;\"\n\t\tstyle=\"\" \n\t\taria-hidden=\"true\"><\/span>\t\t\t<\/span>\r\n\t\t\t\t\t\r\n\t\t\t\t\t\t\r\n\t\t\t\t\t\r\n\t\t\t\t\t\t<span class=\"disable-hover btn btn-icon btn-wire btn btn-white btn-md btn-round\"  style=\"margin-right:6px\">\r\n\t\t\t\t<span class=\"sow-icon-fontawesome sow-fas\" data-sow-icon=\"&#xf099;\"\n\t\tstyle=\"\" \n\t\taria-hidden=\"true\"><\/span>\t\t\t<\/span>\r\n\t\t\t\t\t\r\n\t\t\t\t\t\t\r\n\t\t\t\t\t\r\n\t\t\t\t\t\t<span class=\"disable-hover btn btn-icon btn-wire btn btn-white btn-md btn-round\"  style=\"margin-right:6px\">\r\n\t\t\t\t<span class=\"sow-icon-fontawesome sow-fas\" data-sow-icon=\"&#xf16d;\"\n\t\tstyle=\"\" \n\t\taria-hidden=\"true\"><\/span>\t\t\t<\/span>\r\n\t\t\t\t\t\t<\/div>\r\n<\/div><\/div><\/div><\/div><\/div><\/div><div id=\"pgc-2052-1-1\"  class=\"panel-grid-cell\" ><div id=\"panel-2052-1-1-0\" class=\"so-panel widget widget_sow-editor panel-first-child\" data-index=\"10\" ><div class=\"orion text-dark shadow-2 panel-widget-style panel-widget-style-for-2052-1-1-0\" style=\"background-color: #fff;\" ><div\n\t\t\t\n\t\t\tclass=\"so-widget-sow-editor so-widget-sow-editor-base\"\n\t\t\t\n\t\t>\n<div class=\"siteorigin-widget-tinymce textwidget\">\n\t<p style=\"text-align: center;\">Siamo tra i venditori pi\u00f9 affidabili di <a href=\"\/it\/Acquista Nembutal online\/\" target=\"_blank\" rel=\"noopener\">Nembutal Pentobarbital<\/a>(Nembutal in polvere, liquido e compresse) e in alcuni rari casi per il controllo dell'anestesia.<\/p>\n<p style=\"text-align: center;\">IL <a href=\"\/it\/Acquista Nembutal online\/\" target=\"_blank\" rel=\"noopener\">Polvere di nembutal<\/a> Il farmaco che distribuiamo viene somministrato per via orale dopo essere stato disciolto in acqua. Questo \u00e8 il metodo pi\u00f9 rapido e ampiamente utilizzato per l'eutanasia volontaria al giorno d'oggi. Sebbene la polvere abbia un sapore sgradevole, che porta i pazienti a vomitare dopo aver bevuto il liquido, motivo per cui alcuni pazienti preferiscono le iniezioni e le compresse di Nembutal, di recente abbiamo sviluppato una misura per controllare questo vomito fornendo anche il farmaco antiemetico insieme al farmaco. <a class=\"btn  btn-md btn-flat\" href=\"\/it\/Acquista Nembutal online\/\" target=\"_blank\" rel=\"noopener\">clicca qui<\/a>.<\/p>\n<p style=\"text-align: center;\">La qualit\u00e0 della nostra polvere \u00e8 la migliore che possiate trovare negli Stati Uniti, perch\u00e9 acquistiamo direttamente da produttori affidabili. Il nostro team di esperti specializzati garantisce che la polvere di Nembutal sia pura al 100% e priva di impurit\u00e0.<\/p>\n<p style=\"text-align: center;\">'La nostra polvere di Nembutal di alta qualit\u00e0 impiega solo 20-30 minuti per far s\u00ec che il paziente raggiunga altri effetti che possono poi stabilizzarsi ed \u00e8 anche indolore. Puoi acquistare la polvere di Nembutal online negli Stati Uniti, acquistare Nembutal nel Regno Unito, <a href=\"\/it\/Acquista Nembutal online\/\" target=\"_blank\" rel=\"noopener\">Acquista Nembutal online<\/a> e acquista Nembutal nei Paesi Bassi a prezzi accessibili e con consegne rapide, discrete e anonime.<\/p>\n<p style=\"text-align: center;\">Acquistare la polvere di Nembutal online in modo sicuro \u00e8 la principale preoccupazione di chiunque voglia acquistare questo prodotto, dato che esistono moltissimi siti web fraudolenti che affermano di fornirla online. Per questo motivo, offriamo i metodi migliori e pi\u00f9 sicuri per ordinare e acquistare Nembutal online, garantendo a tutti i nostri clienti la massima tranquillit\u00e0 grazie alla nostra politica di rimborso.<\/p>\n<h2 style=\"text-align: center;\">Contattaci<\/h2>\n<p style=\"text-align: center;\">Compila il modulo sottostante per lasciarci un messaggio e i nostri agenti ti ricontatteranno a breve.<\/p>\n<\/div>\n<\/div><\/div><\/div><div id=\"panel-2052-1-1-1\" class=\"so-panel widget widget_orion_cf7_w panel-last-child\" data-index=\"11\" ><div class=\"orion default panel-widget-style panel-widget-style-for-2052-1-1-1\" ><div\n\t\t\t\n\t\t\tclass=\"so-widget-orion_cf7_w so-widget-orion_cf7_w-base\"\n\t\t\t\n\t\t>\n<div class=\"wpcf7 no-js\" id=\"wpcf7-f471-o1\" lang=\"en-US\" dir=\"ltr\" data-wpcf7-id=\"471\">\n<div class=\"screen-reader-response\"><p role=\"status\" aria-live=\"polite\" aria-atomic=\"true\"><\/p> <ul><\/ul><\/div>\n<form action=\"\/it\/wp-json\/wp\/v2\/pages\/2052#wpcf7-f471-o1\" method=\"post\" class=\"wpcf7-form init\" aria-label=\"Contact form\" novalidate=\"novalidate\" data-status=\"init\" data-trp-original-action=\"\/it\/wp-json\/wp\/v2\/pages\/2052#wpcf7-f471-o1\">\n<fieldset class=\"hidden-fields-container\"><input type=\"hidden\" name=\"_wpcf7\" value=\"471\" \/><input type=\"hidden\" name=\"_wpcf7_version\" value=\"6.1.5\" \/><input type=\"hidden\" name=\"_wpcf7_locale\" value=\"en_US\" \/><input type=\"hidden\" name=\"_wpcf7_unit_tag\" value=\"wpcf7-f471-o1\" \/><input type=\"hidden\" name=\"_wpcf7_container_post\" value=\"0\" \/><input type=\"hidden\" name=\"_wpcf7_posted_data_hash\" value=\"\" \/><input type=\"hidden\" name=\"_wpcf7cf_hidden_group_fields\" value=\"[]\" \/><input type=\"hidden\" name=\"_wpcf7cf_hidden_groups\" value=\"[]\" \/><input type=\"hidden\" name=\"_wpcf7cf_visible_groups\" value=\"[]\" \/><input type=\"hidden\" name=\"_wpcf7cf_repeaters\" value=\"[]\" \/><input type=\"hidden\" name=\"_wpcf7cf_steps\" value=\"{}\" \/><input type=\"hidden\" name=\"_wpcf7cf_options\" value=\"{&quot;form_id&quot;:471,&quot;conditions&quot;:[],&quot;settings&quot;:{&quot;animation&quot;:&quot;yes&quot;,&quot;animation_intime&quot;:200,&quot;animation_outtime&quot;:200,&quot;conditions_ui&quot;:&quot;normal&quot;,&quot;notice_dismissed&quot;:false}}\" \/>\n<\/fieldset>\n<div class=\"cf7-form row\">\n\t<div class=\"col-md-6 name\">\n\t\t<p><span class=\"wpcf7-form-control-wrap\" data-name=\"text-name\"><input size=\"40\" maxlength=\"400\" class=\"wpcf7-form-control wpcf7-text wpcf7-validates-as-required\" aria-required=\"true\" aria-invalid=\"false\" placeholder=\"Nome\" value=\"\" type=\"text\" name=\"text-name\" \/><\/span>\n\t\t<\/p>\n\t<\/div>\n\t<div class=\"col-md-6 phone\">\n\t\t<p><span class=\"wpcf7-form-control-wrap\" data-name=\"text-phone\"><input size=\"40\" maxlength=\"400\" class=\"wpcf7-form-control wpcf7-text wpcf7-validates-as-required\" aria-required=\"true\" aria-invalid=\"false\" placeholder=\"Numero di telefono\" value=\"\" type=\"text\" name=\"text-phone\" \/><\/span>\n\t\t<\/p>\n\t<\/div>\n\t<div class=\"col-md-6 email\">\n\t\t<p><span class=\"wpcf7-form-control-wrap\" data-name=\"email-777\"><input size=\"40\" maxlength=\"400\" class=\"wpcf7-form-control wpcf7-email wpcf7-validates-as-required wpcf7-text wpcf7-validates-as-email\" aria-required=\"true\" aria-invalid=\"false\" placeholder=\"E-mail\" value=\"\" type=\"email\" name=\"email-777\" \/><\/span>\n\t\t<\/p>\n\t<\/div>\n\t<div class=\"col-md-12\">\n\t\t<p><span class=\"wpcf7-form-control-wrap\" data-name=\"textarea-notes\"><textarea cols=\"40\" rows=\"10\" maxlength=\"2000\" class=\"wpcf7-form-control wpcf7-textarea\" aria-invalid=\"false\" placeholder=\"Messaggio breve\" name=\"textarea-notes\"><\/textarea><\/span>\n\t\t<\/p>\n\t<\/div>\n\t<div class=\"col-md-12 text-center\">\n\t\t<p><input class=\"wpcf7-form-control wpcf7-submit has-spinner btn btn-c1 btn-lg\" type=\"submit\" value=\"Invia e-mail\" \/>\n\t\t<\/p>\n\t<\/div>\n<\/div><p style=\"display: none !important;\" class=\"akismet-fields-container\" data-prefix=\"_wpcf7_ak_\"><label>D<textarea name=\"_wpcf7_ak_hp_textarea\" cols=\"45\" rows=\"8\" maxlength=\"100\"><\/textarea><\/label><input type=\"hidden\" id=\"ak_js_1\" name=\"_wpcf7_ak_js\" value=\"215\"\/><script>document.getElementById( \"ak_js_1\" ).setAttribute( \"value\", ( new Date() ).getTime() );<\/script><\/p><div class=\"wpcf7-response-output\" aria-hidden=\"true\"><\/div>\n<input type=\"hidden\" name=\"trp-form-language\" value=\"it\"\/><\/form>\n<\/div>\n<\/div><\/div><\/div><\/div><\/div><\/div><\/div>","protected":false},"excerpt":{"rendered":"<p>Nembutal Online 2683 Woodstock Drive Los Angeles, CA 90017 United States Call\/Text: +1 443-530-7233 WhatsApp: +1 443-530-7233 E-mail us! contact@nembutalonline.net We are among the most reputable sellers of Nembutal Pentobarbital(Nembutal powder,Liquid and Pills) and in some few but rare cases for Anesthesia control measures. The Nembutal powder we distribute is administered orally after it is<\/p>","protected":false},"author":1,"featured_media":0,"parent":0,"menu_order":0,"comment_status":"closed","ping_status":"closed","template":"","meta":{"footnotes":""},"class_list":["post-2052","page","type-page","status-publish","hentry"],"_links":{"self":[{"href":"https:\/\/nembutalonline.net\/it\/wp-json\/wp\/v2\/pages\/2052","targetHints":{"allow":["GET"]}}],"collection":[{"href":"https:\/\/nembutalonline.net\/it\/wp-json\/wp\/v2\/pages"}],"about":[{"href":"https:\/\/nembutalonline.net\/it\/wp-json\/wp\/v2\/types\/page"}],"author":[{"embeddable":true,"href":"https:\/\/nembutalonline.net\/it\/wp-json\/wp\/v2\/users\/1"}],"replies":[{"embeddable":true,"href":"https:\/\/nembutalonline.net\/it\/wp-json\/wp\/v2\/comments?post=2052"}],"version-history":[{"count":31,"href":"https:\/\/nembutalonline.net\/it\/wp-json\/wp\/v2\/pages\/2052\/revisions"}],"predecessor-version":[{"id":3156,"href":"https:\/\/nembutalonline.net\/it\/wp-json\/wp\/v2\/pages\/2052\/revisions\/3156"}],"wp:attachment":[{"href":"https:\/\/nembutalonline.net\/it\/wp-json\/wp\/v2\/media?parent=2052"}],"curies":[{"name":"wp","href":"https:\/\/api.w.org\/{rel}","templated":true}]}}