{"id":991,"date":"2016-10-07T13:32:15","date_gmt":"2016-10-07T13:32:15","guid":{"rendered":"http:\/\/dentalia.orionthemes.com\/demo-1\/?page_id=991"},"modified":"2026-03-30T15:38:04","modified_gmt":"2026-03-30T15:38:04","slug":"lichid-injectabil","status":"publish","type":"page","link":"https:\/\/nembutalonline.net\/ro\/injectable-liquid\/","title":{"rendered":"Lichid injectabil"},"content":{"rendered":"<div id=\"pl-991\"  class=\"panel-layout\" ><div id=\"pg-991-0\"  class=\"panel-grid panel-has-style\" ><div class=\"tablet-1-in-row mobile-1-in-row desktop-default panel-row-style panel-row-style-for-991-0\" ><div id=\"pgc-991-0-0\"  class=\"panel-grid-cell\" ><div id=\"panel-991-0-0-0\" class=\"so-panel widget widget_orion_heading_w panel-first-child\" data-index=\"0\" ><div class=\"orion default panel-widget-style panel-widget-style-for-991-0-0-0\" ><div\n\t\t\t\n\t\t\tclass=\"so-widget-orion_heading_w so-widget-orion_heading_w-base\"\n\t\t\t\n\t\t> \r\n\t\t\t<div class=\"row orion-heading\" style=\"margin-bottom:0px;\">\r\n\t\t<div class=\"col-md-12  separator-style-1 text-left style-h6 style-primary-color\">\r\n\t\t\t<h6 class=\"primary-color\">\r\n\t\t\t\tTablete de butalbital de v\u00e2nzare\t\t\t<\/h6>\r\n\t\t<\/div>\r\n\t<\/div>\r\n\r\n\t<\/div><\/div><\/div><div id=\"panel-991-0-0-1\" class=\"so-panel widget widget_sow-editor\" data-index=\"1\" ><div class=\"orion default panel-widget-style panel-widget-style-for-991-0-0-1\" ><div\n\t\t\t\n\t\t\tclass=\"so-widget-sow-editor so-widget-sow-editor-base\"\n\t\t\t\n\t\t>\n<div class=\"siteorigin-widget-tinymce textwidget\">\n\t<p class=\"lead\"><strong>NEMBUTAL\u00ae (NEMBUTAL este o marc\u0103 comercial\u0103 \u00eenregistrat\u0103 a Oak Pharmaceuticals, Inc.<\/strong><\/p>\n<\/div>\n<\/div><\/div><\/div><div id=\"panel-991-0-0-2\" class=\"so-panel widget widget_sow-editor panel-last-child\" data-index=\"2\" ><div class=\"orion default panel-widget-style panel-widget-style-for-991-0-0-2\" ><div\n\t\t\t\n\t\t\tclass=\"so-widget-sow-editor so-widget-sow-editor-base\"\n\t\t\t\n\t\t>\n<div class=\"siteorigin-widget-tinymce textwidget\">\n\t<p>Solu\u021bia de Nembutal Pentobarbital sodic este un barbituric cu ac\u021biune scurt\u0103, denumit chimic barbituric de 5-etil-5-(1-metilbutil) sodic. Acesta este unul dintre motivele pentru care este mai potrivit pentru suicid dec\u00e2t barbituricele cu ac\u021biune mai lung\u0103, cum ar fi fenobarbitalul.<br \/>\nSolu\u021bia de pentobarbital sodic de Nembutal este un medicament dovedit a fi eficient, care duce la o moarte pa\u0219nic\u0103. Aproape c\u0103 nu se cunosc e\u0219ecuri, \u00een ciuda statisticilor ample (de exemplu, organiza\u021bia elve\u021bian\u0103 pentru eutanasie Dignitas a raportat 840 de ie\u0219iri f\u0103r\u0103 niciun e\u0219ec). Exist\u0103 \u00eens\u0103 rapoarte despre decese aparent lente sau dureroase cu Nembutal aplicat ca pedeaps\u0103 capital\u0103, de\u0219i acest lucru se poate datora calit\u0103\u021bii slabe a medicamentului din farmaciile care \u00eel prepar\u0103, administrat intravenos mai degrab\u0103 dec\u00e2t oral.<\/p>\n<\/div>\n<\/div><\/div><\/div><\/div><div id=\"pgc-991-0-1\"  class=\"panel-grid-cell\" ><div id=\"panel-991-0-1-0\" class=\"so-panel widget widget_orion_image_w panel-first-child\" data-index=\"3\" ><div class=\"orion mobile-text-center default panel-widget-style panel-widget-style-for-991-0-1-0\" ><div\n\t\t\t\n\t\t\tclass=\"so-widget-orion_image_w so-widget-orion_image_w-base\"\n\t\t\t\n\t\t>\r\n<div class=\"image-w relative rounded\">\r\n\r\n\t\t\t\t\t\t\t<div class=\"orion_circle image-wrap rounded overlay-greyscale overlay-hover-greyscale\">\r\n\t\t\r\n\t\t\t\t<div class=\"circle-wrap\">\r\n\t\t\t\t\t<img loading=\"lazy\" decoding=\"async\" width=\"750\" height=\"750\" src=\"https:\/\/nembutalonline.net\/wp-content\/uploads\/2018\/10\/injectable-liuid-750x750.jpg\" class=\"attachment-orion_square size-orion_square\" alt=\"solu\u021bie injectabil\u0103 de nembutal de sodiu\" \/>\t\t\t<div class=\"overlay\"><\/div>\r\n\t\t\t\t<\/div>\r\n\t\t\r\n\t\t\t\t\t<\/div>\r\n\t\t\t\r\n\t\r\n\t<div class=\"absolute\">\r\n\t\t<div class=\"hover-desc table-wrap\">\r\n\t\t\t<div class=\"cell-wrap\">\r\n\t\t\t\t<h4 class=\"text-light\"><\/h4>\r\n\t\t\t<\/div>\r\n\t\t<\/div>\r\n\t<\/div>\t\t\t\t\t\r\n<\/div>\r\n\r\n<\/div><\/div><\/div><div id=\"panel-991-0-1-1\" class=\"so-panel widget widget_orion_button_w panel-last-child\" data-index=\"4\" ><div class=\"orion mobile-text-center tablets-text-center absolute-bottom absolute-bottom-left default panel-widget-style panel-widget-style-for-991-0-1-1\" ><div\n\t\t\t\n\t\t\tclass=\"so-widget-orion_button_w so-widget-orion_button_w-base\"\n\t\t\t\n\t\t>\r\n\t\t\t<a class=\"btn btn-c1 btn-round btn-flat btn-lg\"  href=\"https:\/\/nembutalonline.net\/ro\/contact-pentobarbital-for-sale\/\"\r\n\t\t\t   \t\t>\r\n\t\t\tContacta\u0163i-ne\t\t\r\n\t\t<\/a>\r\n\t\r\n<\/div><\/div><\/div><\/div><\/div><\/div><\/div>","protected":false},"excerpt":{"rendered":"<p>Flacoanele injectabile cu pentobarbital sunt utilizate \u00een principal pentru eutanasie la pacien\u021bii care nu pot lua medicamente pe cale oral\u0103.<\/p>","protected":false},"author":1,"featured_media":2698,"parent":0,"menu_order":0,"comment_status":"closed","ping_status":"closed","template":"","meta":{"_monsterinsights_skip_tracking":false,"_monsterinsights_sitenote_active":false,"_monsterinsights_sitenote_note":"","_monsterinsights_sitenote_category":0,"_uf_show_specific_survey":0,"_uf_disable_surveys":false,"footnotes":""},"class_list":["post-991","page","type-page","status-publish","has-post-thumbnail","hentry"],"_links":{"self":[{"href":"https:\/\/nembutalonline.net\/ro\/wp-json\/wp\/v2\/pages\/991","targetHints":{"allow":["GET"]}}],"collection":[{"href":"https:\/\/nembutalonline.net\/ro\/wp-json\/wp\/v2\/pages"}],"about":[{"href":"https:\/\/nembutalonline.net\/ro\/wp-json\/wp\/v2\/types\/page"}],"author":[{"embeddable":true,"href":"https:\/\/nembutalonline.net\/ro\/wp-json\/wp\/v2\/users\/1"}],"replies":[{"embeddable":true,"href":"https:\/\/nembutalonline.net\/ro\/wp-json\/wp\/v2\/comments?post=991"}],"version-history":[{"count":17,"href":"https:\/\/nembutalonline.net\/ro\/wp-json\/wp\/v2\/pages\/991\/revisions"}],"predecessor-version":[{"id":3150,"href":"https:\/\/nembutalonline.net\/ro\/wp-json\/wp\/v2\/pages\/991\/revisions\/3150"}],"wp:featuredmedia":[{"embeddable":true,"href":"https:\/\/nembutalonline.net\/ro\/wp-json\/wp\/v2\/media\/2698"}],"wp:attachment":[{"href":"https:\/\/nembutalonline.net\/ro\/wp-json\/wp\/v2\/media?parent=991"}],"curies":[{"name":"wp","href":"https:\/\/api.w.org\/{rel}","templated":true}]}}